{"id":121,"date":"2021-01-06T23:37:08","date_gmt":"2021-01-06T23:37:08","guid":{"rendered":"https:\/\/csrzenica.ba\/?page_id=121"},"modified":"2025-09-24T13:19:40","modified_gmt":"2025-09-24T13:19:40","slug":"prava-i-usluge","status":"publish","type":"page","link":"https:\/\/csrzenica.ba\/?page_id=121","title":{"rendered":"Prava i usluge"},"content":{"rendered":"\t\t<div data-elementor-type=\"wp-page\" data-elementor-id=\"121\" class=\"elementor elementor-121\" data-elementor-post-type=\"page\">\n\t\t\t\t\t\t<section class=\"elementor-section elementor-top-section elementor-element elementor-element-3c41f549 elementor-section-boxed elementor-section-height-default elementor-section-height-default\" data-id=\"3c41f549\" data-element_type=\"section\">\n\t\t\t\t\t\t<div class=\"elementor-container elementor-column-gap-default\">\n\t\t\t\t\t<div class=\"elementor-column elementor-col-100 elementor-top-column elementor-element elementor-element-225a3e75\" data-id=\"225a3e75\" data-element_type=\"column\">\n\t\t\t<div class=\"elementor-widget-wrap elementor-element-populated\">\n\t\t\t\t\t\t<div class=\"elementor-element elementor-element-8acd073 elementor-widget elementor-widget-text-editor\" data-id=\"8acd073\" data-element_type=\"widget\" data-widget_type=\"text-editor.default\">\n\t\t\t\t<div class=\"elementor-widget-container\">\n\t\t\t\t\t\t\t\t\t<p><strong>SOCIJALNA ZA\u0160TITA<\/strong><\/p>\n<p><!-- \/wp:paragraph --><\/p>\n<p><!-- wp:paragraph --><\/p>\n<p>Socijalna za\u0161tita u Javnoj ustanovi Centar za socijalni rad Zenica usmjerena je na osiguranje socijalne sigurnosti gra\u0111ana i njihovih porodica koji se na\u0111u u stanju socijalne potrebe.<\/p>\n<p><!-- \/wp:paragraph --><\/p>\n<p><!-- wp:paragraph --><\/p>\n<p>Prava iz oblasti socijalne za\u0161tite su:<\/p>\n<p><!-- \/wp:paragraph --><\/p>\n<p><!-- wp:list {\"ordered\":true,\"type\":\"1\"} --><\/p>\n<ol type=\"1\">\n<li>Novcana i druga materijalna pomo\u0107&nbsp;<a href=\"https:\/\/csrzenica.ba\/wp-content\/uploads\/2021\/01\/JNP.pdf\" target=\"_blank\" rel=\"noreferrer noopener\">JEDNOKRATNA;<\/a>&nbsp;i&nbsp;<a href=\"https:\/\/csrzenica.ba\/wp-content\/uploads\/2021\/01\/SNP.pdf\" target=\"_blank\" rel=\"noreferrer noopener\">STALNA;<\/a><\/li>\n<li><a href=\"https:\/\/csrzenica.ba\/wp-content\/uploads\/2021\/01\/I_2_-Pravo-na-osposobljavanje-za-zivot-i-rad.pdf\" target=\"_blank\" rel=\"noreferrer noopener\">osposobljavanje za \u017eivot i rad<\/a><\/li>\n<li><a href=\"https:\/\/csrzenica.ba\/wp-content\/uploads\/2021\/01\/I_3._Smjestaj-u-drugu-porodicu.pdf\" target=\"_blank\" rel=\"noreferrer noopener\">smje\u0161taj u drugu porodicu<\/a><\/li>\n<li><a href=\"https:\/\/csrzenica.ba\/wp-content\/uploads\/2021\/01\/I_4_smjestaj-u-ustanovu-socijalne-zastite.pdf\" target=\"_blank\" rel=\"noreferrer noopener\">smje\u0161taj u ustanove socijalne za\u0161tite<\/a><\/li>\n<li><a href=\"https:\/\/csrzenica.ba\/wp-content\/uploads\/2021\/01\/I_5_-Usluge-socijalnog-i-drugog-strucnog-rada.pdf\" target=\"_blank\" rel=\"noreferrer noopener\">usluge socijalnog i drugog stru\u010dnog rada<\/a><\/li>\n<li><a href=\"https:\/\/csrzenica.ba\/wp-content\/uploads\/2021\/01\/I_8_-privremeni-smjestaj-i-zbrinjavanje-u-sigurnoj-kuci.pdf\" target=\"_blank\" rel=\"noreferrer noopener\">privremeni smje\u0161taj i zbrinjavanje u sigurnoj ku\u0107i<\/a>.<\/li>\n<\/ol>\n<p><!-- \/wp:list --><\/p>\n<p><!-- wp:paragraph --><\/p>\n<p>OSNOVNA PRAVA LICA SA INVALIDITETOM:<\/p>\n<p><!-- \/wp:paragraph --><\/p>\n<p><!-- wp:list {\"ordered\":true,\"type\":\"1\"} --><\/p>\n<ol type=\"1\">\n<li><a href=\"https:\/\/csrzenica.ba\/wp-content\/uploads\/2021\/01\/Zahtjev-za-priznavanje-prava-na-licnu-invalidninu.pdf\" target=\"_blank\" rel=\"noreferrer noopener\">li\u010dna invalidnina<\/a><\/li>\n<li><a href=\"https:\/\/csrzenica.ba\/wp-content\/uploads\/2021\/01\/Zahtjev-za-priznavanje-prava-na-licnu-invalidninu.pdf\" target=\"_blank\" rel=\"noreferrer noopener\">dodatak za njegu i pomo\u0107 od strene drugog lica,<\/a><\/li>\n<li><a href=\"https:\/\/csrzenica.ba\/wp-content\/uploads\/2021\/01\/Zahtjev-za-priznavanje-prava-na-licnu-invalidninu.pdf\" target=\"_blank\" rel=\"noreferrer noopener\">ortopedski dodatak.<\/a><\/li>\n<\/ol>\n<p><!-- \/wp:list --><\/p>\n<p><!-- wp:paragraph --><\/p>\n<p><em>Za ostvarivanje navedenih prava iz socijalne za\u0161tite potrebno je da lica i porodice ispunjavaju zakonom propisane uslove.<\/em><\/p>\n<p><!-- \/wp:paragraph --><\/p>\n<p><!-- wp:paragraph --><\/p>\n<p><strong>SOCIJALNA ZA\u0160TITA<\/strong><br>Za\u0161tita porodice sa djecom podrazumijeva osiguranje porodice kroz materijalna i druga davanja, radi pomaganja u podizanju, odgoju i zbrinjavanju djece, kao i njihovom osposobljavanju za samostalan \u017eivot i rad, u najboljem interesu djeteta.<br>Osnovna prava porodice sa djecom su:<\/p>\n<p><!-- \/wp:paragraph --><\/p>\n<p><!-- wp:list {\"ordered\":true,\"type\":\"1\"} --><\/p>\n<ol type=\"1\">\n<li><a href=\"https:\/\/csrzenica.ba\/uncategorized\/zahtjev-za-ostvarivanje-prava-na-djeciji-dodatak\/\" target=\"_blank\" rel=\"noreferrer noopener\">dodatak na djecu<\/a>;<\/li>\n<li><a href=\"https:\/\/csrzenica.ba\/uncategorized\/zahtjev-za-ostvarivanje-prava-na-djeciji-dodatak\/\">dodatak za djecu i mlade sa invaliditetom<\/a>;<\/li>\n<li><a href=\"https:\/\/csrzenica.ba\/?p=1878\" target=\"_blank\">* naknada umjesto pla\u0107e \u017eeni &#8211; majci u radnom odnosu, za vrijeme dok odsustvuje sa posla radi trudno\u0107e, poro\u0111aja i njege djeteta<\/a>;<\/li>\n<li><a href=\"https:\/\/csrzenica.ba\/wp-content\/uploads\/2021\/01\/Zahtjev-jedn_pomoc-i-dr_porodilji.pdf\" target=\"_blank\" rel=\"noreferrer noopener\">*&nbsp;<\/a><a href=\"https:\/\/csrzenica.ba\/wp-content\/uploads\/2022\/09\/OB-MRSPI-8.-zahtjev-nezaposlena-porodilja.pdf\">nov\u010dana pomo\u0107 za vrijeme trudno\u0107e i poro\u0111aja \u017eene majke koja nije u radnom odnosu; jednokratna pomo\u0107 za opremu novoro\u0111enog djeteta; pomo\u0107 uprehrani djeteta do \u0161est mjeseci i dodatna ishrana za majke &#8211; dojilje;<\/a><\/li>\n<li><a href=\"https:\/\/csrzenica.ba\/wp-content\/uploads\/2021\/01\/ZAHTJEV_ZA_OSTVARIVANJE-PRAVA-NA-ZDRAVSTVENU-ZASTITU.pdf\" target=\"_blank\" rel=\"noreferrer noopener\">zdravstvena za\u0161tita<\/a>\n<ul>\n<li>za djecu od ro\u0111enja do polaska u osnovnu \u0161kolu koja nisu zdravstveno osigurana kao \u0109lanovi porodice osiguranika;<\/li>\n<li>za nezaposlene samohrane majke &#8211; porodilje za vrijeme trudno\u0107e, poro\u0111aja i do uzrasta djeteta do godinu dana, ako nisu osigurani po drugom osnovu;<\/li>\n<li>za lica starija od 65 godina (mu\u0161karac) i 60 godina (\u017eena).<\/li>\n<\/ul>\n<\/li>\n<\/ol>\n<p><!-- \/wp:list --><\/p>\n<p><!-- wp:paragraph --><\/p>\n<p><em>Za ostvarivanje navedenih prava iz oblasti dje\u010dije za\u0161tite potrebno je da lica i porodice ispunjavaju zakonom propisane uslove.<\/em><\/p>\n<p><!-- \/wp:paragraph --><\/p>\n<p><!-- wp:paragraph --><\/p>\n<p><strong>PORODI\u010cNO-PRAVNA ZA\u0160TITA<\/strong><\/p>\n<p>Poslovi koji proizilaze iz Porodi\u010dnog zakona, a u nadle\u017enosti su Centra za socijalni rad su:<\/p>\n<p><!-- \/wp:paragraph --><\/p>\n<p><!-- wp:list --><\/p>\n<ul>\n<li>pomo\u0107 u sre\u0111ivanju konfliktnih situacija u porodici,<\/li>\n<li>postupak sprovo\u0111enja starateljstva, (starateljstvo je oblik za\u0161tite maloljetnih osoba bez roditeljskog staranja i punoljetnih osoba koje nisu sposobne, ili koje nisu u mogu\u0107nosti starati se o sebi, svojim pravima, interesima i obavezama)<\/li>\n<li><a href=\"https:\/\/csrzenica.ba\/wp-content\/uploads\/2021\/01\/III_1_Usvojenje.pdf\" target=\"_blank\" rel=\"noreferrer noopener\">vodi postupak usvojenje koje je poseban oblik porodi\u010dno-pravne za\u0161tite djece bez roditeljskog staranja kojim se zasniva roditeljski, odnosno srodni\u010dki odnos<\/a>.<\/li>\n<li><a href=\"https:\/\/csrzenica.ba\/wp-content\/uploads\/2021\/01\/III_2_Posredovanje.pdf\" target=\"_blank\" rel=\"noreferrer noopener\">posredovanje u bra\u010dnim sporovima prije podno\u0161enja tu\u017ebe za razvod braka,(bra\u010dni partneri koji imaju maloljetnu djecu du\u017eni su podnijeti zahtjev za posredovanje)<\/a><\/li>\n<li>u\u010destvuje u postupcima izdr\u017eavanja djece i roditelja,<\/li>\n<\/ul>\n<p><!-- \/wp:list --><\/p>\n<p><!-- wp:paragraph --><\/p>\n<p>Poseban postupak vodi se kada je u pitanju za\u0161tita od nasilni\u010dkog pona\u0161anja u porodici kako kod bra\u010dnih, vanbra\u010dnih partnera, tako i kod djece. Nadle\u017eni organi za ovo postupanje su: policija, organ starateljstva i sud a \u0161to je propisano Zakonom o za\u0161titi od nasilja u porodici (\u201eSL.novine FBiH\u201c broj: 22\/05).&nbsp;&nbsp;<br>Pored navedenih prava i usluga Centar obavlja poslove:<\/p>\n<p><!-- \/wp:paragraph --><\/p>\n<p><!-- wp:list --><\/p>\n<ul>\n<li>savjetodavni rad na za\u0161titi braka i porodice: poslovi savjetovanja u rje\u0161avanju bra\u010dnih i porodi\u010dnih problema u Centru se obavljaju tako da savjetodavne stru\u010dne usluge pru\u017eaju zaposlenici Centra (tri socijalna radnika, tri psihologa, pedagog, defektolog i pravnik, ukupno anga\u017eovanih 9 stru\u010dnjaka). U ovom segmentu najaktuelnija je bra\u010dna i porodi\u010dna problematika, nasilje u braku i porodici i socijalna problematika, te vaspitna zapu\u0161tenost i zanemarenost djece i mladih.<\/li>\n<li>radi i na prevenciji i suzbijanju prosja\u010denja i drugih socio-patolo\u0161kih pojava,<\/li>\n<li>provodi odgojne mjere nad djecom sa poreme\u0107ajima u pona\u0161anju.<\/li>\n<\/ul>\n<p><!-- \/wp:list --><\/p>\t\t\t\t\t\t\t\t<\/div>\n\t\t\t\t<\/div>\n\t\t\t\t\t<\/div>\n\t\t<\/div>\n\t\t\t\t\t<\/div>\n\t\t<\/section>\n\t\t\t\t<\/div>\n\t\t","protected":false},"excerpt":{"rendered":"<p>SOCIJALNA ZA\u0160TITA Socijalna za\u0161tita u Javnoj ustanovi Centar za socijalni rad Zenica usmjerena je na osiguranje socijalne sigurnosti gra\u0111ana i njihovih porodica koji se na\u0111u&hellip;<\/p>\n","protected":false},"author":3,"featured_media":0,"parent":0,"menu_order":0,"comment_status":"closed","ping_status":"closed","template":"","meta":{"footnotes":""},"class_list":["post-121","page","type-page","status-publish","hentry"],"_links":{"self":[{"href":"https:\/\/csrzenica.ba\/index.php?rest_route=\/wp\/v2\/pages\/121","targetHints":{"allow":["GET"]}}],"collection":[{"href":"https:\/\/csrzenica.ba\/index.php?rest_route=\/wp\/v2\/pages"}],"about":[{"href":"https:\/\/csrzenica.ba\/index.php?rest_route=\/wp\/v2\/types\/page"}],"author":[{"embeddable":true,"href":"https:\/\/csrzenica.ba\/index.php?rest_route=\/wp\/v2\/users\/3"}],"replies":[{"embeddable":true,"href":"https:\/\/csrzenica.ba\/index.php?rest_route=%2Fwp%2Fv2%2Fcomments&post=121"}],"version-history":[{"count":31,"href":"https:\/\/csrzenica.ba\/index.php?rest_route=\/wp\/v2\/pages\/121\/revisions"}],"predecessor-version":[{"id":1929,"href":"https:\/\/csrzenica.ba\/index.php?rest_route=\/wp\/v2\/pages\/121\/revisions\/1929"}],"wp:attachment":[{"href":"https:\/\/csrzenica.ba\/index.php?rest_route=%2Fwp%2Fv2%2Fmedia&parent=121"}],"curies":[{"name":"wp","href":"https:\/\/api.w.org\/{rel}","templated":true}]}}