{"id":119,"date":"2021-01-06T23:30:44","date_gmt":"2021-01-06T23:30:44","guid":{"rendered":"https:\/\/csrzenica.ba\/?page_id=119"},"modified":"2025-04-08T10:46:02","modified_gmt":"2025-04-08T10:46:02","slug":"propisi","status":"publish","type":"page","link":"https:\/\/csrzenica.ba\/?page_id=119","title":{"rendered":"Propisi"},"content":{"rendered":"\n<p><strong>Pravni okvir<\/strong><\/p>\n\n\n\n<p>Obavljanje poslova Centra iz registrovane djelatnosti odre\u0111eno je pravnim okvirom, kako u materijalnom smislu tako i procesnom. U materijalnom smislu to je skup velikog broja propisa, od kojih izdvajamo sljede\u0107e:<\/p>\n\n\n\n<p>-EU Konvencija o ljudskim pravima (Rim. 4. novembra 1950. godine)<\/p>\n\n\n\n<p>-EU Konvencija o pravima djeteta (Glavna skup\u0161tina UN 20. novembar 1989. godine)<\/p>\n\n\n\n<p>-EU Konvencija o pravima osoba s invaliditetom (BiH je 2010. godine ratifikovala&nbsp;<a href=\"http:\/\/www.un.org\/disabilities\/documents\/convention\/convoptprot-e.pdf\" target=\"_blank\" rel=\"noreferrer noopener\">UN Konvenciju<\/a>&nbsp;o pravima osoba s invaliditetetom)<\/p>\n\n\n\n<p>-Zakon o osnovama socijalne za\u0161tite, za\u0161tite civilnih \u017ertava rata i za\u0161tite porodice sa djecom \u00a0 (\u201cSl. novine FBiH\u201d, br. 36\/99; 54\/04; 39\/06; 14\/09; 7\/14, 45\/16, 19\/17 i 40\/2018)<\/p>\n\n\n\n<p>-Zakon o socijalnoj za\u0161titi, za\u0161titi civilnih \u017ertava rata i za\u0161titi porodice sa djecom ZDK; (\u201cSl. novine ZDK\u201d, br. 13\/07, 13\/11, 03\/15 i 2\/16 i 16\/22)<\/p>\n\n\n\n<p>-Porodi\u010dni zakon FBiH (\u201cSl. novine FBiH, br. 35\/05, 41\/05 i 31\/14)<\/p>\n\n\n\n<p>-Zakon o hraniteljstvu u Federaciji BiH (Sl. novine FBiH, br. 119\/2017 i 52\/2022)<\/p>\n\n\n\n<p>-Zakon o za\u0161titi od nasilja u porodici (\u201eSl. novine FBiH\u201c, br. 20\/13 i 75\/2021)<\/p>\n\n\n\n<p>-Zakon o mati\u010dnim knjigama FBiH (&#8220;Sl. novine FBiH&#8221; br. 37\/12 i 80\/14)<\/p>\n\n\n\n<p>-Zakon o za\u0161titi osoba s du\u0161evnim smetnjama (\u201eSl. novine FBiH\u201c br.: 37\/01 i 40\/02);<\/p>\n\n\n\n<p>-Zakon o li\u010dnom imenu FBiH (&#8220;Sl. novine Federacije BiH&#8221; br. 7\/12)&nbsp;&nbsp;&nbsp;&nbsp;&nbsp;&nbsp;&nbsp;&nbsp;<\/p>\n\n\n\n<p>-Zakon o prebivali\u0161tu i boravi\u0161tu dr\u017eavljana BiH (&#8220;Sl. glasnik BiH&#8221;, br. 32\/01, 56\/08 i 58\/2015)<\/p>\n\n\n\n<p>-Zakon o roditeljima njegovateljima u Federaciji BiH (\u201eSl. novine FBiH\u201c, &nbsp;br. 75\/21.)<\/p>\n\n\n\n<p>-Pravilnik o osnovnim elementima koje mora sadr\u017eavati stru\u010dno mi\u0161ljenje u postupku posredovanja prije pokretanja postupka za razvod braka (Sl. novine FBiH\u201c, br. 5\/06)<\/p>\n\n\n\n<p>-Sporazum o readmisiji; (&#8220;Sl. glasnik BiH &#8211; Medunarodni ugovori&#8221;, br. 13\/07)<\/p>\n\n\n\n<p>-Zakon o azilu BiH (\u201eSl. glasnik BiH\u201c, br. 11\/16; 16\/16)<\/p>\n\n\n\n<p>Zakon o putnim ispravama BiH ( \u201cSl. glasnik BiH\u201d, br. 4\/97, 1\/99, 9\/99, 27\/00, 32\/00, 19\/01, 47\/04, 53\/07, 33\/08, 39\/08 i 60\/13)<\/p>\n\n\n\n<p>-Zakon o naslje\u0111ivanju FBiH (&#8220;Sl. novine FBiH&#8221;, br. 80\/2014 i 32\/19)<\/p>\n\n\n\n<p>-Zakon o notarima; (&#8220;Sl. novine FBiH&#8221;, br. 45\/2002 i 30\/2016 &#8211; odluka US)<\/p>\n\n\n\n<p>-Zakon o obligacionim odnosima (&#8220;Sl. list SFRJ&#8221;, br. 29\/1978, 39\/1985, 45\/1989 &#8211; odluka USJ i 57\/1989, &#8220;Sl. list RBiH&#8221;, br. 2\/1992, 13\/1993 i 13\/1994 i &#8220;Sl. novine FBiH&#8221;, br. 29\/2003 i 42\/2011)<\/p>\n\n\n\n<p>-Zakon o parni\u010dnom postupku FBiH (\u201eSl. novine FBiH\u201c, br. 53\/03), 73\/05 i 19\/06).<\/p>\n\n\n\n<p>-Zakon o vanparni\u010dnom postupku (\u201eSl. novine FBiH\u201c, br. 2\/1998, 39\/2004, 73\/2005 i 80\/2014 i 11\/2021)<\/p>\n\n\n\n<p>-Zakon o izvr\u0161nom postupku; (&#8220;Sl. novine FBiH&#8221;, br. 32\/2003, 52\/03, 33\/06, 39\/06, 39\/09, 35\/12 i 46\/16 i (&#8220;Slu\u017ebeni glasnik BiH&#8221;, br. 42\/18)<\/p>\n\n\n\n<p>-Zakon o upravnom postupku; (\u201eSl. novine FBiH\u201c, br. 2\/1998, 48\/1999 i 61\/2022)<\/p>\n\n\n\n<p>-Krivi\u010dni zakon FBiH (\u201eSl.novine FBiH\u201c br. 36\/03, 37\/03, 21\/04, 69\/04, 18\/05, 42\/10, 42\/11, 59\/14 i 76\/14, 46\/16 i 75\/17.)<\/p>\n\n\n\n<p>-Zakon o krivi\u010dnom postupku FBiH (\u201eSl. novine FBiH\u201c br. 35\/2003, 56\/2003 &#8211; ispr., 78\/2004, 28\/2005, 55\/2006, 27\/2007, 53\/2007, 9\/2009, 12\/2010, 8\/2013, 59\/2014 i 74\/2020)<\/p>\n\n\n\n<p>-Zakon o izvr\u0161enju krivi\u010dnih sankcija BiH (&#8220;Sl. glasnik BiH&#8221;, br. 22\/2016)<\/p>\n\n\n\n<p>-Zakon o izvr\u0161enju krivi\u010dnih sankcija FBiH (\u201eSl. novine FBiH\u201c, br. 44\/1998, 42\/1999, 12\/2009 i 42\/2011)<\/p>\n\n\n\n<p>-Zakon o za\u0161titi li\u010dnih podataka BiH; (&#8220;Sl. glasnik BiH&#8221;, br. 49\/06, 76\/11 i 89\/2011)<\/p>\n\n\n\n<p>-Zakon o slobodi pristupa informacijama u FBiH (\u201eSl. novine FBiH\u201c, br. 32\/2001 i 48\/2011)<\/p>\n\n\n\n<p>-Zakon o ravnopravnosti spolova u BiH; (\u201cSl. glasnik BiH\u201d br. 16\/05);<\/p>\n\n\n\n<p>-Zakon o za\u0161titi i postupanju sa djecom i maloljetnicima u krivi\u010dnom postupku FBiH (\u201eSl. novine FBiH\u201c, br. 7\/14)<\/p>\n\n\n\n<p>-Zakon o materijalnoj podr\u0161ci porodicama sa djecom FBiH; (\u201eSl. novine FBiH\u201c, br. 52\/22)<\/p>\n\n\n\n<p>&#8211; Zakon o izmjenama i dopunama Zakona o socijalnoj za\u0161titi, za\u0161titi civilnih \u017ertava rata i za\u0161titi porodice sa djecom&nbsp; ZDK (Sl. novine Broj 8 od 06.05.2024. godine).<\/p>\n\n\n\n<p>&#8211; Zakon o izmjenama i dopunama Zakona o materijalnoj podr\u0161ci porodicama s djecom FBiH (\u201e Sl. novine FBiH\u201c, br. 58\/24)<\/p>\n\n\n\n<p>-Gradska Odluka o provo\u0111enju socijalne za\u0161tite i za\u0161tite porodice sa djecom (\u201cSl. novine op\u0107ine Zenica\u201d, br. 3\/08);<\/p>\n\n\n\n<p>-Zakon o javnim nabavkama (\u201eSl. glasnik BiH\u201c, br. 39\/14 i 59\/22)<\/p>\n\n\n\n<p>-Zakon o ustanovama socijalne za\u0161tite FBiH (\u201eSl. novine FBiH\u201c, br. 64\/22)<\/p>\n\n\n\n<p>-Odluka o zadr\u017eavanju prava osniva\u010da Centra za socijalni rad u Zenici: Temeljem primjene &#8212;-Uredba sa zakonskom snagom o ustanovama (Sl. list SR BiH br.6\/92)<\/p>\n\n\n\n<p>&#8211; Odlukom Vije\u0107a op\u0107ine Zenica o zadr\u017eavanju prava osniva\u010da, br. 01-017-21\/95 od 25.04.1995. god. Centar je nastavio da djeluje kao Javna ustanova pod nazivom JU Centar za socijalni rad Zenica, u Ul. Saliha Cakana Mulali\u0107a br. 5.<\/p>\n\n\n\n<p>-Zakon o bud\u017eetima u FBiH (\u201eSl. novine FBiH\u201c, br. 102\/13, 9\/14, 13\/14, 8\/15, 91\/15, 102\/15, 104\/16, 5\/18,11\/19 i 99\/19)<\/p>\n\n\n\n<p>-Zakon o Trezoru u FBiH(&#8220;Sl. novine FBiH&#8221;, br. 26\/2016, 3\/2020 i 60\/2023)<\/p>\n\n\n\n<p>-Propisi o izvr\u0161enju bud\u017eeta na odgovaraju\u0107im nivoima;<\/p>\n\n\n\n<p>-Uredba o ra\u010dunovodstvu bud\u017eeta u FBiH; (\u201eSl. novine FBiH\u201c, br. 34\/14 i 66\/23)<\/p>\n\n\n\n<p>-Pravilnik o knjigovodstvu bud\u017eeta-prora\u010duna u FBiH; (\u201eSl. novine FBiH\u201c, br. 60\/14)<\/p>\n\n\n\n<p>-Pravilnik o finansijskom izvje\u0161tavanju i godi\u0161njem obra\u010dunu bud\u017eeta FBiH (\u201eSl. novine FBiH\u201c, br. 3\/21)<\/p>\n\n\n\n<p>-Ra\u010dunovodstvene politike Grada Zenica; -Zakon o radu i propisi iz radnog odnosa na razli\u010ditim nivoima;<\/p>\n","protected":false},"excerpt":{"rendered":"<p>Pravni okvir Obavljanje poslova Centra iz registrovane djelatnosti odre\u0111eno je pravnim okvirom, kako u materijalnom smislu tako i procesnom. U materijalnom smislu to je skup&hellip;<\/p>\n","protected":false},"author":3,"featured_media":0,"parent":0,"menu_order":0,"comment_status":"closed","ping_status":"closed","template":"","meta":{"footnotes":""},"class_list":["post-119","page","type-page","status-publish","hentry"],"_links":{"self":[{"href":"https:\/\/csrzenica.ba\/index.php?rest_route=\/wp\/v2\/pages\/119","targetHints":{"allow":["GET"]}}],"collection":[{"href":"https:\/\/csrzenica.ba\/index.php?rest_route=\/wp\/v2\/pages"}],"about":[{"href":"https:\/\/csrzenica.ba\/index.php?rest_route=\/wp\/v2\/types\/page"}],"author":[{"embeddable":true,"href":"https:\/\/csrzenica.ba\/index.php?rest_route=\/wp\/v2\/users\/3"}],"replies":[{"embeddable":true,"href":"https:\/\/csrzenica.ba\/index.php?rest_route=%2Fwp%2Fv2%2Fcomments&post=119"}],"version-history":[{"count":3,"href":"https:\/\/csrzenica.ba\/index.php?rest_route=\/wp\/v2\/pages\/119\/revisions"}],"predecessor-version":[{"id":1842,"href":"https:\/\/csrzenica.ba\/index.php?rest_route=\/wp\/v2\/pages\/119\/revisions\/1842"}],"wp:attachment":[{"href":"https:\/\/csrzenica.ba\/index.php?rest_route=%2Fwp%2Fv2%2Fmedia&parent=119"}],"curies":[{"name":"wp","href":"https:\/\/api.w.org\/{rel}","templated":true}]}}