{"id":117,"date":"2021-01-06T23:28:17","date_gmt":"2021-01-06T23:28:17","guid":{"rendered":"https:\/\/csrzenica.ba\/?page_id=117"},"modified":"2021-01-17T19:26:46","modified_gmt":"2021-01-17T19:26:46","slug":"javne-nabavke","status":"publish","type":"page","link":"https:\/\/csrzenica.ba\/?page_id=117","title":{"rendered":"Javne nabavke"},"content":{"rendered":"\t\t<div data-elementor-type=\"wp-page\" data-elementor-id=\"117\" class=\"elementor elementor-117\" data-elementor-post-type=\"page\">\n\t\t\t\t\t\t<section class=\"elementor-section elementor-top-section elementor-element elementor-element-5f0368aa elementor-section-boxed elementor-section-height-default elementor-section-height-default\" data-id=\"5f0368aa\" data-element_type=\"section\">\n\t\t\t\t\t\t<div class=\"elementor-container elementor-column-gap-default\">\n\t\t\t\t\t<div class=\"elementor-column elementor-col-100 elementor-top-column elementor-element elementor-element-72d0540a\" data-id=\"72d0540a\" data-element_type=\"column\">\n\t\t\t<div class=\"elementor-widget-wrap elementor-element-populated\">\n\t\t\t\t\t\t<div class=\"elementor-element elementor-element-5f413b7e elementor-widget elementor-widget-text-editor\" data-id=\"5f413b7e\" data-element_type=\"widget\" data-widget_type=\"text-editor.default\">\n\t\t\t\t<div class=\"elementor-widget-container\">\n\t\t\t\t\t\t\t\t\t\n<p><strong>JAVNE NABAVKE<\/strong><br \/>Da li je Javna ustanova Centar za socijalni rad Zenica obavezna primjenjivati Zakon o javnim nabavkama BiH?<br \/>Jeste:<\/p>\n\n<ol class=\"wp-block-list\" type=\"1\">\n<li>zato \u0161to je pravno lice koje je osnovano sa ciljem zadovoljavanja potreba od op\u0107eg interesa;<\/li>\n<li>zato \u0161to nema industrijski ili komercijalni karakter;<\/li>\n<li>zato \u0161to se najve\u0107im dijelom finansira iz javnih sredstava;<\/li>\n<li>zato \u0161to nadzor nad upravljanjem Centra vr\u0161i Grad Zenica i<\/li>\n<li>zato \u0161to upravni i nadzorni odbor Centra imenuje Grad Zenica.<\/li>\n<\/ol>\n\n<p>Ovi uslovi su navedeni u \u010dlanu 4. Zakona o javnim nabavkama BiH (\u201eSlu\u017ebeni glasnik BiH\u201c, broj 39\/14).Pored Zakona Centar je du\u017ean primjenjivati prate\u0107e podzakonske akte, uputstva, savjetodavna mi\u0161ljenja i standardne obrasce koje, u skladu sa \u010dlanom 92 Zakona, donosi Agencija za javne nabavke BiH.<br \/>U cilju operacionalizacije Zakona i podzakonskih akata Centar je donio interne akte, kao \u0161to su:<\/p>\n\n<ul class=\"wp-block-list\">\n<li>Pravilnik o internim procedurama u postupku javnih nabavki roba, usluga i radova;<\/li>\n<li><a href=\"https:\/\/csrzenica.ba\/wp-content\/uploads\/2021\/01\/pravil_direkt_sporazum_centra_za_soc_rad_zen_od_7_5_2015.pdf\" target=\"_blank\" rel=\"noreferrer noopener\">Pravilnik o postupku direktnog sporazuma<\/a>;<\/li>\n<li>Uputstvo o provo\u0111enju Pravilnika o internim procedurama u postupku javnih nabavki roba, usluga i radova;<\/li>\n<li>Plana javnih nabavki, odluke o pokretanju postupka javnih nabavki, odluke o dodjeli ugovora i dr.<\/li>\n<\/ul>\n\n<p>Na ovaj na\u010din su stvoreni uslovi da se na ovoj web stranici objave: plan javne nabavke, odluke o pokretanju postupka javnih nabavki, odluke o dodjeli ugovora kao i sve ostalo \u0161to se odnosi na javne nabavke u Javnoj ustanovi Centar za socijalni rad Zenica.<br \/><a href=\"https:\/\/csrzenica.ba\/wp-content\/uploads\/2021\/01\/plan_javnih_nabavki_za_2020.pdf\" target=\"_blank\" rel=\"noreferrer noopener\">ODLUKA o usvajanju Plana nabavki JU Centar za socijalni rad Zenica za 2020. godinu<\/a><\/p>\n\n<p><a href=\"https:\/\/csrzenica.ba\/wp-content\/uploads\/2021\/01\/Odluka-o-izmjenama-i-dopunama-Odluke-o-usvajanju-Plana-javnih-nabavki-Javne-ustanove-Centar-za-socijalni-rad-Zenica-za-2020.-godinu.pdf\" target=\"_blank\" rel=\"noreferrer noopener\">ODLUKA o izmjenama i dopunama Odluke o usvajanju Plana javnih nabavki Javne ustanove Centar za socijalni rad Zenica za 2020. godinu<\/a><\/p>\n\n<p><a href=\"https:\/\/csrzenica.ba\/wp-content\/uploads\/2021\/01\/Odluka-o-izmjenama-i-dopunama-Odluke-o-usvajanju-Plana-javnih-nabavki-JU-CSR-Zenica-za-2020-I.pdf\" target=\"_blank\" rel=\"noreferrer noopener\">ODLUKA o izmjenama i dopunama Odluke o usvajanju Plana javnih nabavki Javne ustanove Centar za socijalni rad Zenica za 2020. godinu<\/a><\/p>\n\n<p><a href=\"https:\/\/csrzenica.ba\/wp-content\/uploads\/2021\/01\/Odluka_javne-nabavke_13_11_2020.pdf\" target=\"_blank\" rel=\"noreferrer noopener\">ODLUKA o izmjenama i dopunama Odluke o usvajanju Plana javnih nabavki Javne ustanove Centar za socijalni rad Zenica za 2020. godinu<\/a><\/p>\n\n<p><a href=\"https:\/\/csrzenica.ba\/wp-content\/uploads\/2021\/01\/Odluka-o-izmjenama-i-dopunama-Odluke-o-usvajanju-Plana-javnih-nabavki-JU-CSR-Zenica-za-2020-I.pdf\" target=\"_blank\" rel=\"noreferrer noopener\">ODLUKA o izmjenama i dopunama Odluke o usvajanju Plana javnih nabavki Javne ustanove Centar za socijalni rad Zenica za 2020. godinu<\/a><\/p>\n\t\t\t\t\t\t\t\t<\/div>\n\t\t\t\t<\/div>\n\t\t\t\t\t<\/div>\n\t\t<\/div>\n\t\t\t\t\t<\/div>\n\t\t<\/section>\n\t\t\t\t<\/div>\n\t\t","protected":false},"excerpt":{"rendered":"<p>JAVNE NABAVKEDa li je Javna ustanova Centar za socijalni rad Zenica obavezna primjenjivati Zakon o javnim nabavkama BiH?Jeste: zato \u0161to je pravno lice koje je&hellip;<\/p>\n","protected":false},"author":3,"featured_media":0,"parent":0,"menu_order":0,"comment_status":"closed","ping_status":"closed","template":"","meta":{"footnotes":""},"class_list":["post-117","page","type-page","status-publish","hentry"],"_links":{"self":[{"href":"https:\/\/csrzenica.ba\/index.php?rest_route=\/wp\/v2\/pages\/117","targetHints":{"allow":["GET"]}}],"collection":[{"href":"https:\/\/csrzenica.ba\/index.php?rest_route=\/wp\/v2\/pages"}],"about":[{"href":"https:\/\/csrzenica.ba\/index.php?rest_route=\/wp\/v2\/types\/page"}],"author":[{"embeddable":true,"href":"https:\/\/csrzenica.ba\/index.php?rest_route=\/wp\/v2\/users\/3"}],"replies":[{"embeddable":true,"href":"https:\/\/csrzenica.ba\/index.php?rest_route=%2Fwp%2Fv2%2Fcomments&post=117"}],"version-history":[{"count":4,"href":"https:\/\/csrzenica.ba\/index.php?rest_route=\/wp\/v2\/pages\/117\/revisions"}],"predecessor-version":[{"id":187,"href":"https:\/\/csrzenica.ba\/index.php?rest_route=\/wp\/v2\/pages\/117\/revisions\/187"}],"wp:attachment":[{"href":"https:\/\/csrzenica.ba\/index.php?rest_route=%2Fwp%2Fv2%2Fmedia&parent=117"}],"curies":[{"name":"wp","href":"https:\/\/api.w.org\/{rel}","templated":true}]}}