{"id":115,"date":"2021-01-06T23:27:07","date_gmt":"2021-01-06T23:27:07","guid":{"rendered":"https:\/\/csrzenica.ba\/?page_id=115"},"modified":"2021-01-06T23:27:07","modified_gmt":"2021-01-06T23:27:07","slug":"o-nama","status":"publish","type":"page","link":"https:\/\/csrzenica.ba\/?page_id=115","title":{"rendered":"O nama"},"content":{"rendered":"\n<p class=\"has-text-align-center\">JU Centar za socijalni rad Zenica je jedna od ustanova iz sistema socijalne za\u0161tite \u010dija je uloga pru\u017eanje materijalne i stru\u010dne pomo\u0107i i podr\u0161ke, te za\u0161tita pojedinaca i porodica koje \u017eive u nepovoljnim prilikama ili prolaze kroz \u017eivotnu krizu kako bi prevazi\u0161li probleme i osna\u017eili se za promjenu. Cilj je pobolj\u0161anje kvaliteta \u017eivota svake osobe u saradnji s drugim pru\u017eateljima usluga i javno zalaganje za prava i potrebe socijalno osjetljivih grupa.<br><strong>HISTORIJAT<\/strong><\/p>\n\n\n\n<ul class=\"wp-block-list\"><li>Centar za socijalni rad Zenica osnovan je rje\u0161enjem Narodnog odbora op\u0161tine Zenica broj VL-07-2362\/1 od 11. novembra 1960. godine pod nazivom \u201eCentar za medicinsko socijalni rad\u201c .<\/li><li>Rje\u0161enjem broj VL-07-2104\/1 od 11. novembra 1960. godine osnovano i Prihvatili\u0161te za vaspitno zapu\u0161tenu djecu i omladinu.<\/li><li>Narodni odbor op\u0161tine Zenica je svojim rje\u0161enjem broj VL-07\/4-1007\/1 od 24. aprila 1961. godine izmijenio naziv ove ustanove u \u201eCentar za socijalni rad Zenica\u201c.<\/li><li>Uredbom sa zakonskom snagom o ustanovama Odlukom Vije\u0107a op\u0107ine Zenica o zadr\u017eavanju prava osniva\u010da, broj 01-017-21\/95 od 25.04.1995. godine, Centar je nastavio da djeluje kao Javna ustanova pod nazivom Centar za socijalni rad Zenica.<\/li><li>Centar za socijalni rad je u po\u010detnom periodu obavljao stru\u010dne poslove za potrebe Op\u0161tine, a upravne poslove je obavljao organ uprave nadle\u017ean za poslove socijalne za\u0161tite i socijalnog staranja.<\/li><li>Od 01.01.1962. god. preneseni su svi poslovi iz nadle\u017enosti organa uprave op\u0161tinskih narodnih odbora u oblasti socijalne za\u0161tite i socijalnog staranja, sem dono\u0161enja upravnih akata.<\/li><li>Godine 1963. Centru za socijalni rad Zenica pripojeno je Prihvatili\u0161te za djecu i omladinu.<\/li><li>Od 1972. god. preneseni su poslovi iz nadle\u017enosti Skup\u0161tine op\u0161tine na Centar za socijalni rad po Osnovnom zakonu o starateljstvu i po svim drugim propisima u kojima je odre\u0111ena nadle\u017enost organa starateljstva.<\/li><li>Od 1972. god. se po prvi put stavlja u nadle\u017enost Centra i obavljanje upravnih poslova.<\/li><li>Od 1974. god. Centru su povjereni i poslovi za\u0161tite civilnih \u017ertava rata (do 1995. god.)<\/li><li>Od 1980. god. Centru su povjereni i upravni poslovi na za\u0161titi \u010dlanova porodica lica na obaveznoj vojnoj slu\u017ebi.<\/li><li>Od 1995. god. Centar obavlja poslove: socijalne sigurnosti; socijalne za\u0161tite; dje\u010dije za\u0161tite; porodi\u010dno-pravne za\u0161tite (funkcija organa starateljstva sa javnim ovla\u0161\u0107enjima), te djelatnosti dijagnosti\u010dko-opservacionog centra; prihvatili\u0161ta za djecu i omladinu i savjetovali\u0161ta za brak i porodicu.<\/li><\/ul>\n\n\n\n<p>Centar je u dosada\u0161njih 55 godina pro\u0161ao kroz nekoliko faza organizacionih oblika rada:<\/p>\n\n\n\n<ul class=\"wp-block-list\"><li>Od 1960. do 1972. god. Centar je organizovan samo za vo\u0111enje stru\u010dnih poslova socijalne, dje\u010dije i porodi\u010dne za\u0161tite, dok je Op\u0161tina obavljala upravne poslove,<\/li><li>Od 1972. god. Centar vodi i upravne poslove i tad je rad bio organizovan po referatima,<\/li><li>Od 1980. do 1993. god. Centar je organizovan za rad po mjesnim zajednicama (polivalentni rad),<\/li><li>Od 1993. god. do danas organizacija rada se zasniva na specijalisti\u010dkom principu (rad po referatima, stru\u010dnim timovima i komisijama) uvo\u0111enjem, prvi put, rada po slu\u017ebama.<\/li><\/ul>\n\n\n\n<p>Trenutno je rad Centra organizovan u tri slu\u017ebe:<\/p>\n\n\n\n<ol class=\"wp-block-list\" type=\"1\"><li>Slu\u017eba porodi\u010dne za\u0161tite,<\/li><li>Slu\u017eba socijalne i dje\u010dije za\u0161tite,<\/li><li>Slu\u017eba zajedni\u010dkih poslova<\/li><\/ol>\n\n\n\n<p><strong><a href=\".\/SEMA ORGANIZACIJE CENTRA.pdf\" target=\"_blank\" rel=\"noreferrer noopener\">\u0160EMA ORGANIZACIJE RADA U CENTRU<\/a><\/strong><\/p>\n\n\n\n<p><strong>PROTOKOLI O SARADNJI:<\/strong><br>1.\u00a0<em>Op\u0107ina Zenica, JU Centar za socijalni rad, Op\u0107inski sud za prekr\u0161aje, Policijska uprava i UG Roma, Zenica<\/em><\/p>\n\n\n\n<p><strong>Protokol o aktivnostima na suzbijanju prosja\u010denja na podru\u010dju op\u0107ine Zenica<\/strong><br>2.\u00a0<em>JU Centar za socijalni rad, Hilfe fur Bosnien i OO Crveni kri\u017e Zenica<\/em><\/p>\n\n\n\n<p><strong>Protokol o saradnji na zajedni\u010dkom projektu \u201eKumstvo\u201c- pobolj\u0161anje polo\u017eaja samohranih majki kroz povezivanje sa porodicama iz Deggendorfa, Njema\u010dka<\/strong><br>3.\u00a0<em>JZU Kantonalni zavod za bolesti ovisnosti; Op\u0107ina Zenica; JU Dom zdravlja, Kantonalna bolnica Zenica, JU Centar za socijalni rad Zenica i MUP ZDK-PU Zenica<\/em><\/p>\n\n\n\n<p><strong>Protokol o saradnji na unapre\u0111enju efikasnijih socio-zdravstvenih usluga u za\u0161titi osoba od bolesti ovisnosti i du\u0161evnih smetnji<\/strong><br>4.\u00a0<em>JU Centar za socijalni rad Zenica, Op\u0107ina Zenica, Medica Zenica<\/em><\/p>\n\n\n\n<p><strong>Protokol o saradnji na unapre\u0111ivanju efikasnije psihosocijalne za\u0161tite u cilju zbrinjavanja \u017ertava nasilja na podru\u010dju op\u0107ine Zenica<\/strong><br>5.\u00a0<em>Op\u0107ina Zenica i JU Centar za socijalni rad Zenica<\/em><\/p>\n\n\n\n<p><strong>Protokol o pru\u017eanju usluga socijalne za\u0161tite u mjesnim zajednicama op\u0107ine Zenica<\/strong><br>6.\u00a0<em>JU Centar za socijalni rad Zenica i Asocijacija Margina Zenica<\/em><\/p>\n\n\n\n<p><strong>Protokol o partnerstvu u funkciji afirmacije Strategije razvoja op\u0107ine Zenica 2012-2022. Godine i Plana razvoja socijalne za\u0161tite op\u0107ine Zenica u periodu 2009-2013<\/strong><br>7.\u00a0<em>JU Centar za socijalni rad Zenica, JU Dom porodica Zenica, Coordinamento regionale volontariato e solidaritea \u201eLuciano Lama\u201c u Enni (Sicilija)<\/em><\/p>\n\n\n\n<p><strong>Sporazum o saradnji koja za cilj ima ja\u010danje kompetencija djece bez roditeljskog staranja privremeno zbrinute u JU Dom porodica, za samostalan \u017eivot i rad izvan institucija<\/strong><br>8.\u00a0<em>Ministarstvo za rad i socijalnu politiku ZDK, Op\u0107ina Zenica, PU Zenica, JU Dom porodica i JU Centar za socijalni rad Zenica<\/em><\/p>\n\n\n\n<p><strong>Sporazum o razvijanju kapaciteta Prihvatne stanice za djecu i Prihvatili\u0161ta za majku i dijete<\/strong><br>9.\u00a0<em>Ministarstvo za rad, socijalnu politiku i izbjeglice ZDK, centri i slu\u017ebe za socijalni rad sa podru\u010dja ZDK i JU Dom porodica Zenica<\/em><\/p>\n\n\n\n<p><strong>Protokol o postupanju i saradnji s ciljem unapre\u0111enja za\u0161tite djece bez roditeljskog staranja i porodica pod rizikom od razdvajanja na podru\u010dju ZDK<\/strong><br>10.\u00a0<em>JU Centar za socijalni rad Zenica i Udru\u017eenje diplomiranih socijalnih pedagoga iz Zenice<\/em><\/p>\n\n\n\n<p><strong>Protokol o partnerstvu u funkciji afirmacije Strategije razvoja op\u0107ine Zenica 2012-2022. Godine<\/strong><br>11.\u00a0<em>JU Centar za socijalni rad Zenica i Udru\u017eenje \u201eGnijezdo<\/em><\/p>\n\n\n\n<p><em>\u201c<\/em><strong>Protokol o partnerstvu u funkciji afirmacije Strategije razvoja op\u0107ine Zenica 2012-2022. Godine<\/strong><br>12.\u00a0JU Centar za socijalni rad Zenica i Ustanova socijalne za\u0161tite \u201eSumero centar za podr\u0161ku osobama s invaliditetom u zajednici\u201c<\/p>\n\n\n\n<p><strong>Protokol o postupanju u vaninstitucionalnom zbrinjavanju odraslih osoba s invaliditetom na podru\u010dju op\u0107ine Zenica<\/strong><br>13.\u00a0<em>JU Centar za socijalni rad Zenica i Udru\u017eenje \u201eLotos \u2013 za\u0161tita mentalnog zdravlja\u201c iz Zenice<\/em><\/p>\n\n\n\n<p><strong>Protokol o partnerstvu u funkciji afirmacije Strategije razvoja op\u0107ine Zenica 2012-2022<\/strong><br>14.\u00a0<em>JU Centar za socijalni rad Zenica i Udru\u017eenje za promociju integracije djece i odraslih osoba sa invaliditetom u dru\u0161tvenoj zajednici \u201eBudimo prijatelji\u201c iz Zenice<\/em><\/p>\n\n\n\n<p><strong>Protokol o partnerstvu u funkciji afirmacije Strategije razvoja op\u0107ine Zenica 2012-2022<\/strong><br>15.\u00a0<em>JU Centar za socijalni rad Zenica i Udru\u017eenje osoba sa invaliditetom ZDK<\/em><\/p>\n\n\n\n<p><strong>Protokol o partnerstvu u funkciji afirmacije Strategije razvoja op\u0107ine Zenica 2012-2022<\/strong><br>16.\u00a0<em>JU Centar za socijalni rad Zenica i Centar za pravnu pomo\u0107 \u017eenama Zenica<\/em><\/p>\n\n\n\n<p><strong>Protokol o partnerstvu u funkciji afirmacije Strategije razvoja op\u0107ine Zenica 2012-2022.<\/strong><br>17.\u00a0<em>JU Centar za socijalni rad Zenica i HO \u201eMerhamet\u201c Osnovni odbor Zenica<\/em><\/p>\n\n\n\n<p><strong>Protokol o partnerstvu u funkciji afirmacije Strategije razvoja op\u0107ine Zenica 2012-2022.<\/strong><\/p>\n","protected":false},"excerpt":{"rendered":"<p>JU Centar za socijalni rad Zenica je jedna od ustanova iz sistema socijalne za\u0161tite \u010dija je uloga pru\u017eanje materijalne i stru\u010dne pomo\u0107i i podr\u0161ke, te&hellip;<\/p>\n","protected":false},"author":3,"featured_media":0,"parent":0,"menu_order":0,"comment_status":"closed","ping_status":"closed","template":"","meta":{"footnotes":""},"class_list":["post-115","page","type-page","status-publish","hentry"],"_links":{"self":[{"href":"https:\/\/csrzenica.ba\/index.php?rest_route=\/wp\/v2\/pages\/115","targetHints":{"allow":["GET"]}}],"collection":[{"href":"https:\/\/csrzenica.ba\/index.php?rest_route=\/wp\/v2\/pages"}],"about":[{"href":"https:\/\/csrzenica.ba\/index.php?rest_route=\/wp\/v2\/types\/page"}],"author":[{"embeddable":true,"href":"https:\/\/csrzenica.ba\/index.php?rest_route=\/wp\/v2\/users\/3"}],"replies":[{"embeddable":true,"href":"https:\/\/csrzenica.ba\/index.php?rest_route=%2Fwp%2Fv2%2Fcomments&post=115"}],"version-history":[{"count":1,"href":"https:\/\/csrzenica.ba\/index.php?rest_route=\/wp\/v2\/pages\/115\/revisions"}],"predecessor-version":[{"id":116,"href":"https:\/\/csrzenica.ba\/index.php?rest_route=\/wp\/v2\/pages\/115\/revisions\/116"}],"wp:attachment":[{"href":"https:\/\/csrzenica.ba\/index.php?rest_route=%2Fwp%2Fv2%2Fmedia&parent=115"}],"curies":[{"name":"wp","href":"https:\/\/api.w.org\/{rel}","templated":true}]}}